{"id":371,"date":"2020-09-08T19:55:16","date_gmt":"2020-09-08T19:55:16","guid":{"rendered":"https:\/\/new.hotelatacamasuites.cl\/?page_id=371"},"modified":"2022-06-29T22:24:48","modified_gmt":"2022-06-29T22:24:48","slug":"nosotros","status":"publish","type":"page","link":"https:\/\/hotelatacamasuites.cl\/index.php\/nosotros\/","title":{"rendered":"Nosotros"},"content":{"rendered":"\t\t<div data-elementor-type=\"wp-page\" data-elementor-id=\"371\" class=\"elementor elementor-371\" data-elementor-post-type=\"page\">\n\t\t\t\t\t\t<section class=\"elementor-section elementor-top-section elementor-element elementor-element-5ffb208 elementor-section-boxed elementor-section-height-default elementor-section-height-default\" data-id=\"5ffb208\" data-element_type=\"section\" data-e-type=\"section\">\n\t\t\t\t\t\t<div class=\"elementor-container elementor-column-gap-default\">\n\t\t\t\t\t<div class=\"elementor-column elementor-col-100 elementor-top-column elementor-element elementor-element-c0e8a25\" data-id=\"c0e8a25\" data-element_type=\"column\" data-e-type=\"column\">\n\t\t\t<div class=\"elementor-widget-wrap elementor-element-populated\">\n\t\t\t\t\t\t<div class=\"elementor-element elementor-element-c8bde0a elementor-widget elementor-widget-heading\" data-id=\"c8bde0a\" data-element_type=\"widget\" data-e-type=\"widget\" data-widget_type=\"heading.default\">\n\t\t\t\t<div class=\"elementor-widget-container\">\n\t\t\t\t\t<h1 class=\"elementor-heading-title elementor-size-xl\">Nuestro Hotel<\/h1>\t\t\t\t<\/div>\n\t\t\t\t<\/div>\n\t\t\t\t<section class=\"elementor-section elementor-inner-section elementor-element elementor-element-87eecd6 elementor-section-boxed elementor-section-height-default elementor-section-height-default\" data-id=\"87eecd6\" data-element_type=\"section\" data-e-type=\"section\">\n\t\t\t\t\t\t<div class=\"elementor-container elementor-column-gap-default\">\n\t\t\t\t\t<div class=\"elementor-column elementor-col-50 elementor-inner-column elementor-element elementor-element-d4ba008\" data-id=\"d4ba008\" data-element_type=\"column\" data-e-type=\"column\">\n\t\t\t<div class=\"elementor-widget-wrap elementor-element-populated\">\n\t\t\t\t\t\t<div class=\"elementor-element elementor-element-b1724e1 elementor-widget elementor-widget-text-editor\" data-id=\"b1724e1\" data-element_type=\"widget\" data-e-type=\"widget\" data-widget_type=\"text-editor.default\">\n\t\t\t\t<div class=\"elementor-widget-container\">\n\t\t\t\t\t\t\t\t\t<p><strong>Hotel Atacama Suites,<\/strong> es un concepto de alojamiento que nace como iniciativa de una familia con gran trayectoria empresarial en la regi\u00f3n de Atacama, con el objetivo de prestar servicio de alojamiento especialmente al rubro de la miner\u00eda. Desde 2014, se dio apertura a los servicio de nuestro hotel el cual est\u00e1 abierto para todas aquellas personas que quieran disfrutar de nuestros servicios.<\/p><p>Nuestro hotel est\u00e1 ubicado a tan solo tres cuadras del centro de la cuidad, desde donde podr\u00e1 acceder a todos los puntos de inter\u00e9s y atractivos de la cuidad de Copiap\u00f3.<\/p><p>Estamos cercanos a atractivos tur\u00edsticos como el museo regional y a la estaci\u00f3n del ferrocarril, nuestro sector est\u00e1 rodeado de casas patrimoniales y restaurant. Estamos ubicados a metros de la plaza de armas donde podr\u00e1 encontrar comercio, casas de cambio y bancos. A 25 min de nuestro hotel podr\u00e1 encontrar el mar de dunas, el cerro bramador y la Mina San Jos\u00e9 ( Rescate de 33 mineros), entre otros atractivos.<\/p><p>Contamos con un edificio de 15 pisos con recepci\u00f3n las 24 horas, un restaurant y estacionamiento propio con altos est\u00e1ndares de seguridad. Tambi\u00e9n disponemos de una terraza con una piscina al aire libre, donde podr\u00e1s disfrutar de una privilegiada vista.<\/p><p>El \u00e1rea corporativa es un target importante en nuestro hotel, por lo cual disponemos de 6 salones de eventos totalmente equipados en los cuales podr\u00e1n acceder a un servicio completamente personalizado.<\/p><p>Disponemos de 99 c\u00f3modos y acogedores departamentos finamente equipados con todo lo que usted necesita para su viaje y hacer de su estad\u00eda una inolvidable experiencia.<\/p><p>En Hotel Atacama Suites, buscamos conjugar un servicio personalizado a nuestros hu\u00e9spedes, con un dise\u00f1o c\u00e1lido y moderno.<\/p>\t\t\t\t\t\t\t\t<\/div>\n\t\t\t\t<\/div>\n\t\t\t\t\t<\/div>\n\t\t<\/div>\n\t\t\t\t<div class=\"elementor-column elementor-col-50 elementor-inner-column elementor-element elementor-element-6ebda47\" data-id=\"6ebda47\" data-element_type=\"column\" data-e-type=\"column\">\n\t\t\t<div class=\"elementor-widget-wrap elementor-element-populated\">\n\t\t\t\t\t\t<div class=\"elementor-element elementor-element-e1c3eb5 elementor-widget elementor-widget-image\" data-id=\"e1c3eb5\" data-element_type=\"widget\" data-e-type=\"widget\" data-widget_type=\"image.default\">\n\t\t\t\t<div class=\"elementor-widget-container\">\n\t\t\t\t\t\t\t\t\t\t\t\t\t\t\t<img fetchpriority=\"high\" decoding=\"async\" width=\"600\" height=\"453\" src=\"https:\/\/hotelatacamasuites.cl\/wp-content\/uploads\/2020\/09\/hall-acceso.jpg\" class=\"attachment-large size-large wp-image-874\" alt=\"\" srcset=\"https:\/\/hotelatacamasuites.cl\/wp-content\/uploads\/2020\/09\/hall-acceso.jpg 600w, https:\/\/hotelatacamasuites.cl\/wp-content\/uploads\/2020\/09\/hall-acceso-300x227.jpg 300w\" sizes=\"(max-width: 600px) 100vw, 600px\" \/>\t\t\t\t\t\t\t\t\t\t\t\t\t\t\t<\/div>\n\t\t\t\t<\/div>\n\t\t\t\t<div class=\"elementor-element elementor-element-095a08b elementor-widget elementor-widget-text-editor\" data-id=\"095a08b\" data-element_type=\"widget\" data-e-type=\"widget\" data-widget_type=\"text-editor.default\">\n\t\t\t\t<div class=\"elementor-widget-container\">\n\t\t\t\t\t\t\t\t\t<ul><li>99 departamentos finamente equipados<\/li><li>Atenci\u00f3n personalizada 24 horas<\/li><li>Servicio de desayuno Buffet<\/li><li>Servicio de limpieza diaria<\/li><li>Piscina al aire libre<\/li><li>Business Center Equipado<\/li><li>Salones de Eventos<\/li><li>Estacionamiento subterr\u00e1neo<\/li><li>Sistemas de Seguridad las 24 horas del d\u00eda<\/li><li>Internet Wifi en todo el edificio<\/li><\/ul>\t\t\t\t\t\t\t\t<\/div>\n\t\t\t\t<\/div>\n\t\t\t\t\t<\/div>\n\t\t<\/div>\n\t\t\t\t\t<\/div>\n\t\t<\/section>\n\t\t\t\t\t<\/div>\n\t\t<\/div>\n\t\t\t\t\t<\/div>\n\t\t<\/section>\n\t\t\t\t<\/div>\n\t\t","protected":false},"excerpt":{"rendered":"<p>Nuestro Hotel Hotel Atacama Suites, es un concepto de alojamiento que nace como iniciativa de una familia con gran trayectoria empresarial en la regi\u00f3n de Atacama, con el objetivo de prestar servicio de alojamiento especialmente al rubro de la miner\u00eda. Desde 2014, se dio apertura a los servicio de nuestro hotel el cual est\u00e1 abierto &#8230; <a title=\"Nosotros\" class=\"read-more\" href=\"https:\/\/hotelatacamasuites.cl\/index.php\/nosotros\/\" aria-label=\"Leer m\u00e1s sobre Nosotros\">Leer m\u00e1s<\/a><\/p>\n","protected":false},"author":1,"featured_media":0,"parent":0,"menu_order":0,"comment_status":"closed","ping_status":"closed","template":"elementor_canvas","meta":{"footnotes":""},"class_list":["post-371","page","type-page","status-publish"],"yoast_head":"<!-- This site is optimized with the Yoast SEO plugin v27.3 - https:\/\/yoast.com\/product\/yoast-seo-wordpress\/ -->\n<title>Nosotros - Hotel Atacama Suites<\/title>\n<meta name=\"robots\" content=\"index, follow, max-snippet:-1, max-image-preview:large, max-video-preview:-1\" \/>\n<link rel=\"canonical\" href=\"https:\/\/hotelatacamasuites.cl\/index.php\/nosotros\/\" \/>\n<meta property=\"og:locale\" content=\"es_ES\" \/>\n<meta property=\"og:type\" content=\"article\" \/>\n<meta property=\"og:title\" content=\"Nosotros - Hotel Atacama Suites\" \/>\n<meta property=\"og:description\" content=\"Nuestro Hotel Hotel Atacama Suites, es un concepto de alojamiento que nace como iniciativa de una familia con gran trayectoria empresarial en la regi\u00f3n de Atacama, con el objetivo de prestar servicio de alojamiento especialmente al rubro de la miner\u00eda. Desde 2014, se dio apertura a los servicio de nuestro hotel el cual est\u00e1 abierto ... Leer m\u00e1s\" \/>\n<meta property=\"og:url\" content=\"https:\/\/hotelatacamasuites.cl\/index.php\/nosotros\/\" \/>\n<meta property=\"og:site_name\" content=\"Hotel Atacama Suites\" \/>\n<meta property=\"article:publisher\" content=\"https:\/\/www.facebook.com\/AtacamaSuitesHotel\" \/>\n<meta property=\"article:modified_time\" content=\"2022-06-29T22:24:48+00:00\" \/>\n<meta property=\"og:image\" content=\"https:\/\/hotelatacamasuites.cl\/wp-content\/uploads\/2020\/09\/hall-acceso.jpg\" \/>\n<meta name=\"twitter:card\" content=\"summary_large_image\" \/>\n<meta name=\"twitter:label1\" content=\"Tiempo de lectura\" \/>\n\t<meta name=\"twitter:data1\" content=\"1 minuto\" \/>\n<script type=\"application\/ld+json\" class=\"yoast-schema-graph\">{\"@context\":\"https:\\\/\\\/schema.org\",\"@graph\":[{\"@type\":\"WebPage\",\"@id\":\"https:\\\/\\\/hotelatacamasuites.cl\\\/index.php\\\/nosotros\\\/\",\"url\":\"https:\\\/\\\/hotelatacamasuites.cl\\\/index.php\\\/nosotros\\\/\",\"name\":\"Nosotros - Hotel Atacama Suites\",\"isPartOf\":{\"@id\":\"https:\\\/\\\/hotelatacamasuites.cl\\\/#website\"},\"primaryImageOfPage\":{\"@id\":\"https:\\\/\\\/hotelatacamasuites.cl\\\/index.php\\\/nosotros\\\/#primaryimage\"},\"image\":{\"@id\":\"https:\\\/\\\/hotelatacamasuites.cl\\\/index.php\\\/nosotros\\\/#primaryimage\"},\"thumbnailUrl\":\"https:\\\/\\\/hotelatacamasuites.cl\\\/wp-content\\\/uploads\\\/2020\\\/09\\\/hall-acceso.jpg\",\"datePublished\":\"2020-09-08T19:55:16+00:00\",\"dateModified\":\"2022-06-29T22:24:48+00:00\",\"breadcrumb\":{\"@id\":\"https:\\\/\\\/hotelatacamasuites.cl\\\/index.php\\\/nosotros\\\/#breadcrumb\"},\"inLanguage\":\"es\",\"potentialAction\":[{\"@type\":\"ReadAction\",\"target\":[\"https:\\\/\\\/hotelatacamasuites.cl\\\/index.php\\\/nosotros\\\/\"]}]},{\"@type\":\"ImageObject\",\"inLanguage\":\"es\",\"@id\":\"https:\\\/\\\/hotelatacamasuites.cl\\\/index.php\\\/nosotros\\\/#primaryimage\",\"url\":\"https:\\\/\\\/hotelatacamasuites.cl\\\/wp-content\\\/uploads\\\/2020\\\/09\\\/hall-acceso.jpg\",\"contentUrl\":\"https:\\\/\\\/hotelatacamasuites.cl\\\/wp-content\\\/uploads\\\/2020\\\/09\\\/hall-acceso.jpg\",\"width\":600,\"height\":453},{\"@type\":\"BreadcrumbList\",\"@id\":\"https:\\\/\\\/hotelatacamasuites.cl\\\/index.php\\\/nosotros\\\/#breadcrumb\",\"itemListElement\":[{\"@type\":\"ListItem\",\"position\":1,\"name\":\"Portada\",\"item\":\"https:\\\/\\\/hotelatacamasuites.cl\\\/\"},{\"@type\":\"ListItem\",\"position\":2,\"name\":\"Nosotros\"}]},{\"@type\":\"WebSite\",\"@id\":\"https:\\\/\\\/hotelatacamasuites.cl\\\/#website\",\"url\":\"https:\\\/\\\/hotelatacamasuites.cl\\\/\",\"name\":\"https:\\\/\\\/hotelatacamasuites.cl\\\/\",\"description\":\"Atacama - Chile\",\"publisher\":{\"@id\":\"https:\\\/\\\/hotelatacamasuites.cl\\\/#organization\"},\"alternateName\":\"Hotel Atacama Suites\",\"potentialAction\":[{\"@type\":\"SearchAction\",\"target\":{\"@type\":\"EntryPoint\",\"urlTemplate\":\"https:\\\/\\\/hotelatacamasuites.cl\\\/?s={search_term_string}\"},\"query-input\":{\"@type\":\"PropertyValueSpecification\",\"valueRequired\":true,\"valueName\":\"search_term_string\"}}],\"inLanguage\":\"es\"},{\"@type\":\"Organization\",\"@id\":\"https:\\\/\\\/hotelatacamasuites.cl\\\/#organization\",\"name\":\"Hotel Atacama Suites\",\"url\":\"https:\\\/\\\/hotelatacamasuites.cl\\\/\",\"logo\":{\"@type\":\"ImageObject\",\"inLanguage\":\"es\",\"@id\":\"https:\\\/\\\/hotelatacamasuites.cl\\\/#\\\/schema\\\/logo\\\/image\\\/\",\"url\":\"https:\\\/\\\/hotelatacamasuites.cl\\\/wp-content\\\/uploads\\\/2020\\\/08\\\/logo-atacama.svg\",\"contentUrl\":\"https:\\\/\\\/hotelatacamasuites.cl\\\/wp-content\\\/uploads\\\/2020\\\/08\\\/logo-atacama.svg\",\"width\":1,\"height\":1,\"caption\":\"Hotel Atacama Suites\"},\"image\":{\"@id\":\"https:\\\/\\\/hotelatacamasuites.cl\\\/#\\\/schema\\\/logo\\\/image\\\/\"},\"sameAs\":[\"https:\\\/\\\/www.facebook.com\\\/AtacamaSuitesHotel\",\"https:\\\/\\\/www.instagram.com\\\/atacamasuiteshotel\\\/\"]}]}<\/script>\n<!-- \/ Yoast SEO plugin. -->","yoast_head_json":{"title":"Nosotros - Hotel Atacama Suites","robots":{"index":"index","follow":"follow","max-snippet":"max-snippet:-1","max-image-preview":"max-image-preview:large","max-video-preview":"max-video-preview:-1"},"canonical":"https:\/\/hotelatacamasuites.cl\/index.php\/nosotros\/","og_locale":"es_ES","og_type":"article","og_title":"Nosotros - Hotel Atacama Suites","og_description":"Nuestro Hotel Hotel Atacama Suites, es un concepto de alojamiento que nace como iniciativa de una familia con gran trayectoria empresarial en la regi\u00f3n de Atacama, con el objetivo de prestar servicio de alojamiento especialmente al rubro de la miner\u00eda. Desde 2014, se dio apertura a los servicio de nuestro hotel el cual est\u00e1 abierto ... Leer m\u00e1s","og_url":"https:\/\/hotelatacamasuites.cl\/index.php\/nosotros\/","og_site_name":"Hotel Atacama Suites","article_publisher":"https:\/\/www.facebook.com\/AtacamaSuitesHotel","article_modified_time":"2022-06-29T22:24:48+00:00","og_image":[{"url":"https:\/\/hotelatacamasuites.cl\/wp-content\/uploads\/2020\/09\/hall-acceso.jpg","type":"","width":"","height":""}],"twitter_card":"summary_large_image","twitter_misc":{"Tiempo de lectura":"1 minuto"},"schema":{"@context":"https:\/\/schema.org","@graph":[{"@type":"WebPage","@id":"https:\/\/hotelatacamasuites.cl\/index.php\/nosotros\/","url":"https:\/\/hotelatacamasuites.cl\/index.php\/nosotros\/","name":"Nosotros - Hotel Atacama Suites","isPartOf":{"@id":"https:\/\/hotelatacamasuites.cl\/#website"},"primaryImageOfPage":{"@id":"https:\/\/hotelatacamasuites.cl\/index.php\/nosotros\/#primaryimage"},"image":{"@id":"https:\/\/hotelatacamasuites.cl\/index.php\/nosotros\/#primaryimage"},"thumbnailUrl":"https:\/\/hotelatacamasuites.cl\/wp-content\/uploads\/2020\/09\/hall-acceso.jpg","datePublished":"2020-09-08T19:55:16+00:00","dateModified":"2022-06-29T22:24:48+00:00","breadcrumb":{"@id":"https:\/\/hotelatacamasuites.cl\/index.php\/nosotros\/#breadcrumb"},"inLanguage":"es","potentialAction":[{"@type":"ReadAction","target":["https:\/\/hotelatacamasuites.cl\/index.php\/nosotros\/"]}]},{"@type":"ImageObject","inLanguage":"es","@id":"https:\/\/hotelatacamasuites.cl\/index.php\/nosotros\/#primaryimage","url":"https:\/\/hotelatacamasuites.cl\/wp-content\/uploads\/2020\/09\/hall-acceso.jpg","contentUrl":"https:\/\/hotelatacamasuites.cl\/wp-content\/uploads\/2020\/09\/hall-acceso.jpg","width":600,"height":453},{"@type":"BreadcrumbList","@id":"https:\/\/hotelatacamasuites.cl\/index.php\/nosotros\/#breadcrumb","itemListElement":[{"@type":"ListItem","position":1,"name":"Portada","item":"https:\/\/hotelatacamasuites.cl\/"},{"@type":"ListItem","position":2,"name":"Nosotros"}]},{"@type":"WebSite","@id":"https:\/\/hotelatacamasuites.cl\/#website","url":"https:\/\/hotelatacamasuites.cl\/","name":"https:\/\/hotelatacamasuites.cl\/","description":"Atacama - Chile","publisher":{"@id":"https:\/\/hotelatacamasuites.cl\/#organization"},"alternateName":"Hotel Atacama Suites","potentialAction":[{"@type":"SearchAction","target":{"@type":"EntryPoint","urlTemplate":"https:\/\/hotelatacamasuites.cl\/?s={search_term_string}"},"query-input":{"@type":"PropertyValueSpecification","valueRequired":true,"valueName":"search_term_string"}}],"inLanguage":"es"},{"@type":"Organization","@id":"https:\/\/hotelatacamasuites.cl\/#organization","name":"Hotel Atacama Suites","url":"https:\/\/hotelatacamasuites.cl\/","logo":{"@type":"ImageObject","inLanguage":"es","@id":"https:\/\/hotelatacamasuites.cl\/#\/schema\/logo\/image\/","url":"https:\/\/hotelatacamasuites.cl\/wp-content\/uploads\/2020\/08\/logo-atacama.svg","contentUrl":"https:\/\/hotelatacamasuites.cl\/wp-content\/uploads\/2020\/08\/logo-atacama.svg","width":1,"height":1,"caption":"Hotel Atacama Suites"},"image":{"@id":"https:\/\/hotelatacamasuites.cl\/#\/schema\/logo\/image\/"},"sameAs":["https:\/\/www.facebook.com\/AtacamaSuitesHotel","https:\/\/www.instagram.com\/atacamasuiteshotel\/"]}]}},"_links":{"self":[{"href":"https:\/\/hotelatacamasuites.cl\/index.php\/wp-json\/wp\/v2\/pages\/371","targetHints":{"allow":["GET"]}}],"collection":[{"href":"https:\/\/hotelatacamasuites.cl\/index.php\/wp-json\/wp\/v2\/pages"}],"about":[{"href":"https:\/\/hotelatacamasuites.cl\/index.php\/wp-json\/wp\/v2\/types\/page"}],"author":[{"embeddable":true,"href":"https:\/\/hotelatacamasuites.cl\/index.php\/wp-json\/wp\/v2\/users\/1"}],"replies":[{"embeddable":true,"href":"https:\/\/hotelatacamasuites.cl\/index.php\/wp-json\/wp\/v2\/comments?post=371"}],"version-history":[{"count":24,"href":"https:\/\/hotelatacamasuites.cl\/index.php\/wp-json\/wp\/v2\/pages\/371\/revisions"}],"predecessor-version":[{"id":4311,"href":"https:\/\/hotelatacamasuites.cl\/index.php\/wp-json\/wp\/v2\/pages\/371\/revisions\/4311"}],"wp:attachment":[{"href":"https:\/\/hotelatacamasuites.cl\/index.php\/wp-json\/wp\/v2\/media?parent=371"}],"curies":[{"name":"wp","href":"https:\/\/api.w.org\/{rel}","templated":true}]}}